{"id":1162,"date":"2022-10-17T12:58:42","date_gmt":"2022-10-17T10:58:42","guid":{"rendered":"http:\/\/naturalmentecaceres.com\/?page_id=1162"},"modified":"2022-11-10T22:02:22","modified_gmt":"2022-11-10T20:02:22","slug":"haz-tuyo-el-parque-acogelo","status":"publish","type":"page","link":"http:\/\/naturalmentecaceres.com\/index.php\/haz-tuyo-el-parque-acogelo","title":{"rendered":"HAZ TUYO EL PARQUE, \u00a1AC\u00d3GELO!"},"content":{"rendered":"\n<p>La Concejal\u00eda de Medio Ambiente del Ayuntamiento de C\u00e1ceres y la empresa TALHER, adjudicataria del mantenimiento de las zonas verdes de la ciudad, han creado un proyecto dentro de&nbsp; la oferta educativa de \u201c<strong>Naturalmente C\u00e1ceres<\/strong>\u201d denominado \u201c<strong>Haz tuyo el parque, \u00a1ac\u00f3gelo!<\/strong>\u201d que se desarrollar\u00e1 desde diciembre de 2022 hasta mayo de 2023, con el fin de:<\/p>\n\n\n\n<ul class=\"wp-block-list\"><li>EDUCAR en el uso responsable de los espacios verdes urbanos.<\/li><li>Mejorar el conocimiento de los RECURSOS MUNICIPALES.<\/li><li>Dar a conocer la importancia de las ZONAS VERDES.<\/li><li>Promover el APROVECHAMIENTO DID\u00c1CTICO que ofrecen las zonas verdes.<\/li><\/ul>\n\n\n\n<p>Est\u00e1 dirigido al <strong>alumnado desde tercero de la ESO hasta primero de bachillerato<\/strong>, as\u00ed como el <strong>primer curso de formaci\u00f3n profesional <\/strong>de cualquier especialidad.<\/p>\n\n\n\n<p>Se desarrollar\u00e1 desde diciembre de 2022 hasta mayo de 2023 los jueves en el horario comprendido entre las 9:30-13:30 horas, en diferentes actuaciones\/actividades con el grupo o centro educativo que apadrine o acoja el parque m\u00e1s cercano<\/p>\n\n\n\n<p>La asignaci\u00f3n de fechas disponibles se realizar\u00e1 por orden de <strong>inscripci\u00f3n<\/strong> hasta completar fechas disponibles.<\/p>\n\n\n\n<p>La zona verde o el parque que se acoger\u00e1 ser\u00e1 el <strong>m\u00e1s cercano al centro educativo<\/strong>, aunque se negociar\u00e1 previamente.<\/p>\n\n\n\n<p>La participaci\u00f3n en todas las actividades es <strong>totalmente gratuita y requiere reserva previa<\/strong>, indicando:<\/p>\n\n\n\n<ul class=\"wp-block-list\"><li>Fechas y horarios de las actuaciones.<\/li><li>Nombre y contacto de la persona responsable.<\/li><li>Otras indicaciones que la entidad considere oportuno.<\/li><\/ul>\n\n\n\n<p>Para m\u00e1s informaci\u00f3n o realizar las reservas, pueden ponerse en contacto con nosotros a trav\u00e9s del correo electr\u00f3nico <a href=\"mailto:reservas@naturalmentecaceres.com\"><strong>r<\/strong><\/a><a href=\"mailto:reservas@naturalmentecaceres.com\" target=\"_blank\" rel=\"noreferrer noopener\"><strong>eservas@naturalmentecaceres.com<\/strong><\/a> o al tel\u00e9fono 686 764 398 en horario de lunes a viernes de 9 a 14 horas y de lunes a jueves de 18 a 20 horas.<\/p>\n\n\n\n<p><em>S\u00edguenos en nuestras redes sociales en Twitter (<a href=\"https:\/\/twitter.com\/naturalmentecc\">@naturalmentecc<\/a>) e Instagram (<a href=\"https:\/\/www.instagram.com\/naturalmentecaceres\/\">@naturalmentecaceres<\/a>)<\/em><\/p>\n\n\n\n<div data-wp-interactive=\"core\/file\" class=\"wp-block-file\"><object data-wp-bind--hidden=\"!state.hasPdfPreview\" hidden class=\"wp-block-file__embed\" data=\"http:\/\/naturalmentecaceres.com\/wp-content\/uploads\/2022\/11\/DOSIER-HAZ-TUYO-EL-PARQUE-ACOGELO-copia.pdf\" type=\"application\/pdf\" style=\"width:100%;height:600px\" aria-label=\"Incrustado de Incrustado de DOSIER-HAZ-TUYO-EL-PARQUE-ACOGELO-copia..\"><\/object><a id=\"wp-block-file--media-407c80e3-1b0e-4998-9d46-cbf27fabab59\" href=\"http:\/\/naturalmentecaceres.com\/wp-content\/uploads\/2022\/11\/DOSIER-HAZ-TUYO-EL-PARQUE-ACOGELO-copia.pdf\">DOSIER-HAZ-TUYO-EL-PARQUE-ACOGELO-copia<\/a><a href=\"http:\/\/naturalmentecaceres.com\/wp-content\/uploads\/2022\/11\/DOSIER-HAZ-TUYO-EL-PARQUE-ACOGELO-copia.pdf\" class=\"wp-block-file__button\" download aria-describedby=\"wp-block-file--media-407c80e3-1b0e-4998-9d46-cbf27fabab59\">Descarga<\/a><\/div>\n","protected":false},"excerpt":{"rendered":"<p>La Concejal\u00eda de Medio Ambiente del Ayuntamiento de C\u00e1ceres y la empresa TALHER, adjudicataria del mantenimiento de las zonas verdes de la ciudad, han creado un proyecto dentro de&nbsp; la oferta educativa de \u201cNaturalmente C\u00e1ceres\u201d denominado \u201cHaz tuyo el parque, \u00a1ac\u00f3gelo!\u201d que se desarrollar\u00e1 desde diciembre de 2022 hasta mayo de 2023, con el fin de: EDUCAR en el uso responsable de los espacios verdes urbanos. Mejorar el conocimiento de los RECURSOS MUNICIPALES. Dar a conocer la importancia de las&#8230;<\/p>\n<p class=\"read-more\"><a class=\"btn btn-default\" href=\"http:\/\/naturalmentecaceres.com\/index.php\/haz-tuyo-el-parque-acogelo\"> Leer m\u00e1s<span class=\"screen-reader-text\">  Leer m\u00e1s<\/span><\/a><\/p>\n","protected":false},"author":1,"featured_media":0,"parent":0,"menu_order":0,"comment_status":"closed","ping_status":"closed","template":"","meta":{"footnotes":""},"class_list":["post-1162","page","type-page","status-publish","hentry"],"yoast_head":"<!-- This site is optimized with the Yoast SEO plugin v27.5 - https:\/\/yoast.com\/product\/yoast-seo-wordpress\/ -->\r\n<title>HAZ TUYO EL PARQUE, \u00a1AC\u00d3GELO! - NATURALMENTE C\u00c1CERES<\/title>\r\n<meta name=\"robots\" content=\"index, follow, max-snippet:-1, max-image-preview:large, max-video-preview:-1\" \/>\r\n<link rel=\"canonical\" href=\"http:\/\/naturalmentecaceres.com\/index.php\/haz-tuyo-el-parque-acogelo\" \/>\r\n<meta property=\"og:locale\" content=\"es_ES\" \/>\r\n<meta property=\"og:type\" content=\"article\" \/>\r\n<meta property=\"og:title\" content=\"HAZ TUYO EL PARQUE, \u00a1AC\u00d3GELO! - NATURALMENTE C\u00c1CERES\" \/>\r\n<meta property=\"og:description\" content=\"La Concejal\u00eda de Medio Ambiente del Ayuntamiento de C\u00e1ceres y la empresa TALHER, adjudicataria del mantenimiento de las zonas verdes de la ciudad, han creado un proyecto dentro de&nbsp; la oferta educativa de \u201cNaturalmente C\u00e1ceres\u201d denominado \u201cHaz tuyo el parque, \u00a1ac\u00f3gelo!\u201d que se desarrollar\u00e1 desde diciembre de 2022 hasta mayo de 2023, con el fin de: EDUCAR en el uso responsable de los espacios verdes urbanos. Mejorar el conocimiento de los RECURSOS MUNICIPALES. Dar a conocer la importancia de las... Leer m\u00e1s Leer m\u00e1s\" \/>\r\n<meta property=\"og:url\" content=\"http:\/\/naturalmentecaceres.com\/index.php\/haz-tuyo-el-parque-acogelo\" \/>\r\n<meta property=\"og:site_name\" content=\"NATURALMENTE C\u00c1CERES\" \/>\r\n<meta property=\"article:modified_time\" content=\"2022-11-10T20:02:22+00:00\" \/>\r\n<meta name=\"twitter:card\" content=\"summary_large_image\" \/>\r\n<meta name=\"twitter:site\" content=\"@naturalmentecc\" \/>\r\n<meta name=\"twitter:label1\" content=\"Tiempo de lectura\" \/>\n\t<meta name=\"twitter:data1\" content=\"2 minutos\" \/>\r\n<script type=\"application\/ld+json\" class=\"yoast-schema-graph\">{\"@context\":\"https:\\\/\\\/schema.org\",\"@graph\":[{\"@type\":\"WebPage\",\"@id\":\"http:\\\/\\\/naturalmentecaceres.com\\\/index.php\\\/haz-tuyo-el-parque-acogelo\",\"url\":\"http:\\\/\\\/naturalmentecaceres.com\\\/index.php\\\/haz-tuyo-el-parque-acogelo\",\"name\":\"HAZ TUYO EL PARQUE, \u00a1AC\u00d3GELO! - NATURALMENTE C\u00c1CERES\",\"isPartOf\":{\"@id\":\"http:\\\/\\\/naturalmentecaceres.com\\\/#website\"},\"datePublished\":\"2022-10-17T10:58:42+00:00\",\"dateModified\":\"2022-11-10T20:02:22+00:00\",\"breadcrumb\":{\"@id\":\"http:\\\/\\\/naturalmentecaceres.com\\\/index.php\\\/haz-tuyo-el-parque-acogelo#breadcrumb\"},\"inLanguage\":\"es\",\"potentialAction\":[{\"@type\":\"ReadAction\",\"target\":[\"http:\\\/\\\/naturalmentecaceres.com\\\/index.php\\\/haz-tuyo-el-parque-acogelo\"]}]},{\"@type\":\"BreadcrumbList\",\"@id\":\"http:\\\/\\\/naturalmentecaceres.com\\\/index.php\\\/haz-tuyo-el-parque-acogelo#breadcrumb\",\"itemListElement\":[{\"@type\":\"ListItem\",\"position\":1,\"name\":\"Portada\",\"item\":\"http:\\\/\\\/naturalmentecaceres.com\\\/\"},{\"@type\":\"ListItem\",\"position\":2,\"name\":\"HAZ TUYO EL PARQUE, \u00a1AC\u00d3GELO!\"}]},{\"@type\":\"WebSite\",\"@id\":\"http:\\\/\\\/naturalmentecaceres.com\\\/#website\",\"url\":\"http:\\\/\\\/naturalmentecaceres.com\\\/\",\"name\":\"NATURALMENTE C\u00c1CERES\",\"description\":\"Web del proyecto de educaci\u00f3n ambiental gestionado por Talher en C\u00e1ceres\",\"publisher\":{\"@id\":\"http:\\\/\\\/naturalmentecaceres.com\\\/#organization\"},\"potentialAction\":[{\"@type\":\"SearchAction\",\"target\":{\"@type\":\"EntryPoint\",\"urlTemplate\":\"http:\\\/\\\/naturalmentecaceres.com\\\/?s={search_term_string}\"},\"query-input\":{\"@type\":\"PropertyValueSpecification\",\"valueRequired\":true,\"valueName\":\"search_term_string\"}}],\"inLanguage\":\"es\"},{\"@type\":\"Organization\",\"@id\":\"http:\\\/\\\/naturalmentecaceres.com\\\/#organization\",\"name\":\"NATURALMENTE C\u00c1CERES\",\"url\":\"http:\\\/\\\/naturalmentecaceres.com\\\/\",\"logo\":{\"@type\":\"ImageObject\",\"inLanguage\":\"es\",\"@id\":\"http:\\\/\\\/naturalmentecaceres.com\\\/#\\\/schema\\\/logo\\\/image\\\/\",\"url\":\"http:\\\/\\\/naturalmentecaceres.com\\\/wp-content\\\/uploads\\\/2023\\\/02\\\/naturalmente.jpg\",\"contentUrl\":\"http:\\\/\\\/naturalmentecaceres.com\\\/wp-content\\\/uploads\\\/2023\\\/02\\\/naturalmente.jpg\",\"width\":1300,\"height\":1237,\"caption\":\"NATURALMENTE C\u00c1CERES\"},\"image\":{\"@id\":\"http:\\\/\\\/naturalmentecaceres.com\\\/#\\\/schema\\\/logo\\\/image\\\/\"},\"sameAs\":[\"https:\\\/\\\/x.com\\\/naturalmentecc\",\"https:\\\/\\\/www.instagram.com\\\/naturalmentecaceres\\\/\"]}]}<\/script>\r\n<!-- \/ Yoast SEO plugin. -->","yoast_head_json":{"title":"HAZ TUYO EL PARQUE, \u00a1AC\u00d3GELO! - NATURALMENTE C\u00c1CERES","robots":{"index":"index","follow":"follow","max-snippet":"max-snippet:-1","max-image-preview":"max-image-preview:large","max-video-preview":"max-video-preview:-1"},"canonical":"http:\/\/naturalmentecaceres.com\/index.php\/haz-tuyo-el-parque-acogelo","og_locale":"es_ES","og_type":"article","og_title":"HAZ TUYO EL PARQUE, \u00a1AC\u00d3GELO! - NATURALMENTE C\u00c1CERES","og_description":"La Concejal\u00eda de Medio Ambiente del Ayuntamiento de C\u00e1ceres y la empresa TALHER, adjudicataria del mantenimiento de las zonas verdes de la ciudad, han creado un proyecto dentro de&nbsp; la oferta educativa de \u201cNaturalmente C\u00e1ceres\u201d denominado \u201cHaz tuyo el parque, \u00a1ac\u00f3gelo!\u201d que se desarrollar\u00e1 desde diciembre de 2022 hasta mayo de 2023, con el fin de: EDUCAR en el uso responsable de los espacios verdes urbanos. Mejorar el conocimiento de los RECURSOS MUNICIPALES. Dar a conocer la importancia de las... Leer m\u00e1s Leer m\u00e1s","og_url":"http:\/\/naturalmentecaceres.com\/index.php\/haz-tuyo-el-parque-acogelo","og_site_name":"NATURALMENTE C\u00c1CERES","article_modified_time":"2022-11-10T20:02:22+00:00","twitter_card":"summary_large_image","twitter_site":"@naturalmentecc","twitter_misc":{"Tiempo de lectura":"2 minutos"},"schema":{"@context":"https:\/\/schema.org","@graph":[{"@type":"WebPage","@id":"http:\/\/naturalmentecaceres.com\/index.php\/haz-tuyo-el-parque-acogelo","url":"http:\/\/naturalmentecaceres.com\/index.php\/haz-tuyo-el-parque-acogelo","name":"HAZ TUYO EL PARQUE, \u00a1AC\u00d3GELO! - NATURALMENTE C\u00c1CERES","isPartOf":{"@id":"http:\/\/naturalmentecaceres.com\/#website"},"datePublished":"2022-10-17T10:58:42+00:00","dateModified":"2022-11-10T20:02:22+00:00","breadcrumb":{"@id":"http:\/\/naturalmentecaceres.com\/index.php\/haz-tuyo-el-parque-acogelo#breadcrumb"},"inLanguage":"es","potentialAction":[{"@type":"ReadAction","target":["http:\/\/naturalmentecaceres.com\/index.php\/haz-tuyo-el-parque-acogelo"]}]},{"@type":"BreadcrumbList","@id":"http:\/\/naturalmentecaceres.com\/index.php\/haz-tuyo-el-parque-acogelo#breadcrumb","itemListElement":[{"@type":"ListItem","position":1,"name":"Portada","item":"http:\/\/naturalmentecaceres.com\/"},{"@type":"ListItem","position":2,"name":"HAZ TUYO EL PARQUE, \u00a1AC\u00d3GELO!"}]},{"@type":"WebSite","@id":"http:\/\/naturalmentecaceres.com\/#website","url":"http:\/\/naturalmentecaceres.com\/","name":"NATURALMENTE C\u00c1CERES","description":"Web del proyecto de educaci\u00f3n ambiental gestionado por Talher en C\u00e1ceres","publisher":{"@id":"http:\/\/naturalmentecaceres.com\/#organization"},"potentialAction":[{"@type":"SearchAction","target":{"@type":"EntryPoint","urlTemplate":"http:\/\/naturalmentecaceres.com\/?s={search_term_string}"},"query-input":{"@type":"PropertyValueSpecification","valueRequired":true,"valueName":"search_term_string"}}],"inLanguage":"es"},{"@type":"Organization","@id":"http:\/\/naturalmentecaceres.com\/#organization","name":"NATURALMENTE C\u00c1CERES","url":"http:\/\/naturalmentecaceres.com\/","logo":{"@type":"ImageObject","inLanguage":"es","@id":"http:\/\/naturalmentecaceres.com\/#\/schema\/logo\/image\/","url":"http:\/\/naturalmentecaceres.com\/wp-content\/uploads\/2023\/02\/naturalmente.jpg","contentUrl":"http:\/\/naturalmentecaceres.com\/wp-content\/uploads\/2023\/02\/naturalmente.jpg","width":1300,"height":1237,"caption":"NATURALMENTE C\u00c1CERES"},"image":{"@id":"http:\/\/naturalmentecaceres.com\/#\/schema\/logo\/image\/"},"sameAs":["https:\/\/x.com\/naturalmentecc","https:\/\/www.instagram.com\/naturalmentecaceres\/"]}]}},"_links":{"self":[{"href":"http:\/\/naturalmentecaceres.com\/index.php\/wp-json\/wp\/v2\/pages\/1162","targetHints":{"allow":["GET"]}}],"collection":[{"href":"http:\/\/naturalmentecaceres.com\/index.php\/wp-json\/wp\/v2\/pages"}],"about":[{"href":"http:\/\/naturalmentecaceres.com\/index.php\/wp-json\/wp\/v2\/types\/page"}],"author":[{"embeddable":true,"href":"http:\/\/naturalmentecaceres.com\/index.php\/wp-json\/wp\/v2\/users\/1"}],"replies":[{"embeddable":true,"href":"http:\/\/naturalmentecaceres.com\/index.php\/wp-json\/wp\/v2\/comments?post=1162"}],"version-history":[{"count":2,"href":"http:\/\/naturalmentecaceres.com\/index.php\/wp-json\/wp\/v2\/pages\/1162\/revisions"}],"predecessor-version":[{"id":1194,"href":"http:\/\/naturalmentecaceres.com\/index.php\/wp-json\/wp\/v2\/pages\/1162\/revisions\/1194"}],"wp:attachment":[{"href":"http:\/\/naturalmentecaceres.com\/index.php\/wp-json\/wp\/v2\/media?parent=1162"}],"curies":[{"name":"wp","href":"https:\/\/api.w.org\/{rel}","templated":true}]}}