{"id":106,"date":"2022-03-25T09:00:00","date_gmt":"2022-03-25T07:00:00","guid":{"rendered":"http:\/\/naturalmentecaceres.com\/?page_id=106"},"modified":"2023-05-24T09:52:25","modified_gmt":"2023-05-24T07:52:25","slug":"actividades-para-publico-familiar","status":"publish","type":"page","link":"http:\/\/naturalmentecaceres.com\/index.php\/actividades-para-publico-familiar","title":{"rendered":"ACTIVIDADES PARA P\u00daBLICO FAMILIAR"},"content":{"rendered":"\n<h2 class=\"wp-block-heading\">ACTIVIDADES JUNIO 2023<\/h2>\n\n\n\n<p>En esta p\u00e1gina puedes ver el cat\u00e1logo de actividades para <strong>p\u00fablico familiar<\/strong> del mes de junio que ofrece el Ayuntamiento de C\u00e1ceres, a trav\u00e9s del Programa gestionado por Talher \u201cNaturalmente C\u00e1ceres\u201d. Se trata de una variada oferta de actividades de <strong>educaci\u00f3n ambiental dirigidas a familias con ni\u00f1os a partir de los 4 a\u00f1os.<\/strong><\/p>\n\n\n\n<p>Ya puedes disfrutar y reservar en cualquiera de las actividades programas para el mes de <strong>junio de 2023.<\/strong> Puedes ver el <strong>calendario de actividades<\/strong> y un breve documento con la explicaci\u00f3n de las actividades en esta misma p\u00e1gina m\u00e1s abajo. <\/p>\n\n\n\n<p>Para participar en las actividades, que son <strong>totalmente gratuitas, <\/strong>tan solo tienes que ponerte en contacto con nosotros a trav\u00e9s del&nbsp;correo <strong>reservas@naturalmentecaceres.com&nbsp;<\/strong>y <strong>reservar tu plaza<\/strong>, indicando <strong>nombre y apellidos de las personas, un n\u00famero de contacto y la edad de los menores.<\/strong> <\/p>\n\n\n\n<p>La inscripci\u00f3n se har\u00e1 por <strong>orden de reserva hasta completar plazas <\/strong>y se confirmar\u00e1 la reserva en el horario de <strong>lunes a viernes de 9:00 a 14:00 horas<\/strong>. No se tendr\u00e1n en cuenta los e-mails recibidos antes de la hora de inicio de la actividad. Las actividades est\u00e1n sujetas a cancelaci\u00f3n en caso <strong>de condiciones meteorol\u00f3gicas adversas<\/strong> o en el caso de <strong>no alcanzar un m\u00ednimo de participantes.<\/strong><\/p>\n\n\n\n<p><em>S\u00edguenos en nuestras redes sociales en Twitter (<a href=\"https:\/\/twitter.com\/naturalmentecc\">@naturalmentecc<\/a>) e Instagram (<a href=\"https:\/\/www.instagram.com\/naturalmentecaceres\/\">@naturalmentecaceres<\/a>)<\/em><\/p>\n\n\n<div class=\"wp-block-image\">\n<figure class=\"aligncenter size-large\" id=\"Actividades-Naturalmente-C\u00e1ceres-abril-2023\"><img loading=\"lazy\" decoding=\"async\" width=\"724\" height=\"1024\" src=\"http:\/\/naturalmentecaceres.com\/wp-content\/uploads\/2023\/05\/Actividades-JUN23-Caceres-724x1024.jpg\" alt=\"Actividades mes de junio Naturalmente C\u00e1ceres\" class=\"wp-image-1373\" title=\"Actividades Naturalmente C\u00e1ceres abril 2023\" srcset=\"http:\/\/naturalmentecaceres.com\/wp-content\/uploads\/2023\/05\/Actividades-JUN23-Caceres-724x1024.jpg 724w, http:\/\/naturalmentecaceres.com\/wp-content\/uploads\/2023\/05\/Actividades-JUN23-Caceres-212x300.jpg 212w, http:\/\/naturalmentecaceres.com\/wp-content\/uploads\/2023\/05\/Actividades-JUN23-Caceres-768x1086.jpg 768w, http:\/\/naturalmentecaceres.com\/wp-content\/uploads\/2023\/05\/Actividades-JUN23-Caceres-191x270.jpg 191w, http:\/\/naturalmentecaceres.com\/wp-content\/uploads\/2023\/05\/Actividades-JUN23-Caceres.jpg 842w\" sizes=\"auto, (max-width: 724px) 100vw, 724px\" \/><figcaption class=\"wp-element-caption\">Actividades junio 2023 Naturalmente C\u00e1ceres<\/figcaption><\/figure>\n<\/div>\n\n\n<p><\/p>\n\n\n\n<p><\/p>\n\n\n\n<div data-wp-interactive=\"core\/file\" class=\"wp-block-file aligncenter\"><object data-wp-bind--hidden=\"!state.hasPdfPreview\" hidden class=\"wp-block-file__embed\" data=\"http:\/\/naturalmentecaceres.com\/wp-content\/uploads\/2023\/05\/ACTIVIDADES-JUNIO-FAMILIAS.pdf\" type=\"application\/pdf\" style=\"width:100%;height:600px\" aria-label=\"Incrustado de ACTIVIDADES-JUNIO-FAMILIAS.\"><\/object><a id=\"wp-block-file--media-20a551d4-bf29-4b8f-97aa-1143cf2ca31a\" href=\"http:\/\/naturalmentecaceres.com\/wp-content\/uploads\/2023\/05\/ACTIVIDADES-JUNIO-FAMILIAS.pdf\">ACTIVIDADES-JUNIO-FAMILIAS<\/a><a href=\"http:\/\/naturalmentecaceres.com\/wp-content\/uploads\/2023\/05\/ACTIVIDADES-JUNIO-FAMILIAS.pdf\" class=\"wp-block-file__button wp-element-button\" download aria-describedby=\"wp-block-file--media-20a551d4-bf29-4b8f-97aa-1143cf2ca31a\">Descarga<\/a><\/div>\n\n\n\n<p><\/p>\n\n\n\n<p><\/p>\n","protected":false},"excerpt":{"rendered":"<p>ACTIVIDADES JUNIO 2023 En esta p\u00e1gina puedes ver el cat\u00e1logo de actividades para p\u00fablico familiar del mes de junio que ofrece el Ayuntamiento de C\u00e1ceres, a trav\u00e9s del Programa gestionado por Talher \u201cNaturalmente C\u00e1ceres\u201d. Se trata de una variada oferta de actividades de educaci\u00f3n ambiental dirigidas a familias con ni\u00f1os a partir de los 4 a\u00f1os. Ya puedes disfrutar y reservar en cualquiera de las actividades programas para el mes de junio de 2023. Puedes ver el calendario de actividades&#8230;<\/p>\n<p class=\"read-more\"><a class=\"btn btn-default\" href=\"http:\/\/naturalmentecaceres.com\/index.php\/actividades-para-publico-familiar\"> Leer m\u00e1s<span class=\"screen-reader-text\">  Leer m\u00e1s<\/span><\/a><\/p>\n","protected":false},"author":1,"featured_media":0,"parent":0,"menu_order":0,"comment_status":"closed","ping_status":"closed","template":"","meta":{"footnotes":""},"class_list":["post-106","page","type-page","status-publish","hentry"],"yoast_head":"<!-- This site is optimized with the Yoast SEO plugin v27.4 - https:\/\/yoast.com\/product\/yoast-seo-wordpress\/ -->\r\n<title>ACTIVIDADES PARA P\u00daBLICO FAMILIAR - NATURALMENTE C\u00c1CERES<\/title>\r\n<meta name=\"robots\" content=\"index, follow, max-snippet:-1, max-image-preview:large, max-video-preview:-1\" \/>\r\n<link rel=\"canonical\" href=\"http:\/\/naturalmentecaceres.com\/index.php\/actividades-para-publico-familiar\" \/>\r\n<meta property=\"og:locale\" content=\"es_ES\" \/>\r\n<meta property=\"og:type\" content=\"article\" \/>\r\n<meta property=\"og:title\" content=\"ACTIVIDADES PARA P\u00daBLICO FAMILIAR - NATURALMENTE C\u00c1CERES\" \/>\r\n<meta property=\"og:description\" content=\"ACTIVIDADES JUNIO 2023 En esta p\u00e1gina puedes ver el cat\u00e1logo de actividades para p\u00fablico familiar del mes de junio que ofrece el Ayuntamiento de C\u00e1ceres, a trav\u00e9s del Programa gestionado por Talher \u201cNaturalmente C\u00e1ceres\u201d. Se trata de una variada oferta de actividades de educaci\u00f3n ambiental dirigidas a familias con ni\u00f1os a partir de los 4 a\u00f1os. Ya puedes disfrutar y reservar en cualquiera de las actividades programas para el mes de junio de 2023. Puedes ver el calendario de actividades... Leer m\u00e1s Leer m\u00e1s\" \/>\r\n<meta property=\"og:url\" content=\"http:\/\/naturalmentecaceres.com\/index.php\/actividades-para-publico-familiar\" \/>\r\n<meta property=\"og:site_name\" content=\"NATURALMENTE C\u00c1CERES\" \/>\r\n<meta property=\"article:modified_time\" content=\"2023-05-24T07:52:25+00:00\" \/>\r\n<meta property=\"og:image\" content=\"http:\/\/naturalmentecaceres.com\/wp-content\/uploads\/2023\/05\/Actividades-JUN23-Caceres-724x1024.jpg\" \/>\r\n<meta name=\"twitter:card\" content=\"summary_large_image\" \/>\r\n<meta name=\"twitter:site\" content=\"@naturalmentecc\" \/>\r\n<meta name=\"twitter:label1\" content=\"Tiempo de lectura\" \/>\n\t<meta name=\"twitter:data1\" content=\"2 minutos\" \/>\r\n<script type=\"application\/ld+json\" class=\"yoast-schema-graph\">{\"@context\":\"https:\\\/\\\/schema.org\",\"@graph\":[{\"@type\":\"WebPage\",\"@id\":\"http:\\\/\\\/naturalmentecaceres.com\\\/index.php\\\/actividades-para-publico-familiar\",\"url\":\"http:\\\/\\\/naturalmentecaceres.com\\\/index.php\\\/actividades-para-publico-familiar\",\"name\":\"ACTIVIDADES PARA P\u00daBLICO FAMILIAR - NATURALMENTE C\u00c1CERES\",\"isPartOf\":{\"@id\":\"http:\\\/\\\/naturalmentecaceres.com\\\/#website\"},\"primaryImageOfPage\":{\"@id\":\"http:\\\/\\\/naturalmentecaceres.com\\\/index.php\\\/actividades-para-publico-familiar#primaryimage\"},\"image\":{\"@id\":\"http:\\\/\\\/naturalmentecaceres.com\\\/index.php\\\/actividades-para-publico-familiar#primaryimage\"},\"thumbnailUrl\":\"http:\\\/\\\/naturalmentecaceres.com\\\/wp-content\\\/uploads\\\/2023\\\/05\\\/Actividades-JUN23-Caceres-724x1024.jpg\",\"datePublished\":\"2022-03-25T07:00:00+00:00\",\"dateModified\":\"2023-05-24T07:52:25+00:00\",\"breadcrumb\":{\"@id\":\"http:\\\/\\\/naturalmentecaceres.com\\\/index.php\\\/actividades-para-publico-familiar#breadcrumb\"},\"inLanguage\":\"es\",\"potentialAction\":[{\"@type\":\"ReadAction\",\"target\":[\"http:\\\/\\\/naturalmentecaceres.com\\\/index.php\\\/actividades-para-publico-familiar\"]}]},{\"@type\":\"ImageObject\",\"inLanguage\":\"es\",\"@id\":\"http:\\\/\\\/naturalmentecaceres.com\\\/index.php\\\/actividades-para-publico-familiar#primaryimage\",\"url\":\"http:\\\/\\\/naturalmentecaceres.com\\\/wp-content\\\/uploads\\\/2023\\\/05\\\/Actividades-JUN23-Caceres.jpg\",\"contentUrl\":\"http:\\\/\\\/naturalmentecaceres.com\\\/wp-content\\\/uploads\\\/2023\\\/05\\\/Actividades-JUN23-Caceres.jpg\",\"width\":842,\"height\":1191,\"caption\":\"Actividades mes de junio Naturalmente C\u00e1ceres\"},{\"@type\":\"BreadcrumbList\",\"@id\":\"http:\\\/\\\/naturalmentecaceres.com\\\/index.php\\\/actividades-para-publico-familiar#breadcrumb\",\"itemListElement\":[{\"@type\":\"ListItem\",\"position\":1,\"name\":\"Portada\",\"item\":\"http:\\\/\\\/naturalmentecaceres.com\\\/\"},{\"@type\":\"ListItem\",\"position\":2,\"name\":\"ACTIVIDADES PARA P\u00daBLICO FAMILIAR\"}]},{\"@type\":\"WebSite\",\"@id\":\"http:\\\/\\\/naturalmentecaceres.com\\\/#website\",\"url\":\"http:\\\/\\\/naturalmentecaceres.com\\\/\",\"name\":\"NATURALMENTE C\u00c1CERES\",\"description\":\"Web del proyecto de educaci\u00f3n ambiental gestionado por Talher en C\u00e1ceres\",\"publisher\":{\"@id\":\"http:\\\/\\\/naturalmentecaceres.com\\\/#organization\"},\"potentialAction\":[{\"@type\":\"SearchAction\",\"target\":{\"@type\":\"EntryPoint\",\"urlTemplate\":\"http:\\\/\\\/naturalmentecaceres.com\\\/?s={search_term_string}\"},\"query-input\":{\"@type\":\"PropertyValueSpecification\",\"valueRequired\":true,\"valueName\":\"search_term_string\"}}],\"inLanguage\":\"es\"},{\"@type\":\"Organization\",\"@id\":\"http:\\\/\\\/naturalmentecaceres.com\\\/#organization\",\"name\":\"NATURALMENTE C\u00c1CERES\",\"url\":\"http:\\\/\\\/naturalmentecaceres.com\\\/\",\"logo\":{\"@type\":\"ImageObject\",\"inLanguage\":\"es\",\"@id\":\"http:\\\/\\\/naturalmentecaceres.com\\\/#\\\/schema\\\/logo\\\/image\\\/\",\"url\":\"http:\\\/\\\/naturalmentecaceres.com\\\/wp-content\\\/uploads\\\/2023\\\/02\\\/naturalmente.jpg\",\"contentUrl\":\"http:\\\/\\\/naturalmentecaceres.com\\\/wp-content\\\/uploads\\\/2023\\\/02\\\/naturalmente.jpg\",\"width\":1300,\"height\":1237,\"caption\":\"NATURALMENTE C\u00c1CERES\"},\"image\":{\"@id\":\"http:\\\/\\\/naturalmentecaceres.com\\\/#\\\/schema\\\/logo\\\/image\\\/\"},\"sameAs\":[\"https:\\\/\\\/x.com\\\/naturalmentecc\",\"https:\\\/\\\/www.instagram.com\\\/naturalmentecaceres\\\/\"]}]}<\/script>\r\n<!-- \/ Yoast SEO plugin. -->","yoast_head_json":{"title":"ACTIVIDADES PARA P\u00daBLICO FAMILIAR - NATURALMENTE C\u00c1CERES","robots":{"index":"index","follow":"follow","max-snippet":"max-snippet:-1","max-image-preview":"max-image-preview:large","max-video-preview":"max-video-preview:-1"},"canonical":"http:\/\/naturalmentecaceres.com\/index.php\/actividades-para-publico-familiar","og_locale":"es_ES","og_type":"article","og_title":"ACTIVIDADES PARA P\u00daBLICO FAMILIAR - NATURALMENTE C\u00c1CERES","og_description":"ACTIVIDADES JUNIO 2023 En esta p\u00e1gina puedes ver el cat\u00e1logo de actividades para p\u00fablico familiar del mes de junio que ofrece el Ayuntamiento de C\u00e1ceres, a trav\u00e9s del Programa gestionado por Talher \u201cNaturalmente C\u00e1ceres\u201d. Se trata de una variada oferta de actividades de educaci\u00f3n ambiental dirigidas a familias con ni\u00f1os a partir de los 4 a\u00f1os. Ya puedes disfrutar y reservar en cualquiera de las actividades programas para el mes de junio de 2023. Puedes ver el calendario de actividades... Leer m\u00e1s Leer m\u00e1s","og_url":"http:\/\/naturalmentecaceres.com\/index.php\/actividades-para-publico-familiar","og_site_name":"NATURALMENTE C\u00c1CERES","article_modified_time":"2023-05-24T07:52:25+00:00","og_image":[{"url":"http:\/\/naturalmentecaceres.com\/wp-content\/uploads\/2023\/05\/Actividades-JUN23-Caceres-724x1024.jpg","type":"","width":"","height":""}],"twitter_card":"summary_large_image","twitter_site":"@naturalmentecc","twitter_misc":{"Tiempo de lectura":"2 minutos"},"schema":{"@context":"https:\/\/schema.org","@graph":[{"@type":"WebPage","@id":"http:\/\/naturalmentecaceres.com\/index.php\/actividades-para-publico-familiar","url":"http:\/\/naturalmentecaceres.com\/index.php\/actividades-para-publico-familiar","name":"ACTIVIDADES PARA P\u00daBLICO FAMILIAR - NATURALMENTE C\u00c1CERES","isPartOf":{"@id":"http:\/\/naturalmentecaceres.com\/#website"},"primaryImageOfPage":{"@id":"http:\/\/naturalmentecaceres.com\/index.php\/actividades-para-publico-familiar#primaryimage"},"image":{"@id":"http:\/\/naturalmentecaceres.com\/index.php\/actividades-para-publico-familiar#primaryimage"},"thumbnailUrl":"http:\/\/naturalmentecaceres.com\/wp-content\/uploads\/2023\/05\/Actividades-JUN23-Caceres-724x1024.jpg","datePublished":"2022-03-25T07:00:00+00:00","dateModified":"2023-05-24T07:52:25+00:00","breadcrumb":{"@id":"http:\/\/naturalmentecaceres.com\/index.php\/actividades-para-publico-familiar#breadcrumb"},"inLanguage":"es","potentialAction":[{"@type":"ReadAction","target":["http:\/\/naturalmentecaceres.com\/index.php\/actividades-para-publico-familiar"]}]},{"@type":"ImageObject","inLanguage":"es","@id":"http:\/\/naturalmentecaceres.com\/index.php\/actividades-para-publico-familiar#primaryimage","url":"http:\/\/naturalmentecaceres.com\/wp-content\/uploads\/2023\/05\/Actividades-JUN23-Caceres.jpg","contentUrl":"http:\/\/naturalmentecaceres.com\/wp-content\/uploads\/2023\/05\/Actividades-JUN23-Caceres.jpg","width":842,"height":1191,"caption":"Actividades mes de junio Naturalmente C\u00e1ceres"},{"@type":"BreadcrumbList","@id":"http:\/\/naturalmentecaceres.com\/index.php\/actividades-para-publico-familiar#breadcrumb","itemListElement":[{"@type":"ListItem","position":1,"name":"Portada","item":"http:\/\/naturalmentecaceres.com\/"},{"@type":"ListItem","position":2,"name":"ACTIVIDADES PARA P\u00daBLICO FAMILIAR"}]},{"@type":"WebSite","@id":"http:\/\/naturalmentecaceres.com\/#website","url":"http:\/\/naturalmentecaceres.com\/","name":"NATURALMENTE C\u00c1CERES","description":"Web del proyecto de educaci\u00f3n ambiental gestionado por Talher en C\u00e1ceres","publisher":{"@id":"http:\/\/naturalmentecaceres.com\/#organization"},"potentialAction":[{"@type":"SearchAction","target":{"@type":"EntryPoint","urlTemplate":"http:\/\/naturalmentecaceres.com\/?s={search_term_string}"},"query-input":{"@type":"PropertyValueSpecification","valueRequired":true,"valueName":"search_term_string"}}],"inLanguage":"es"},{"@type":"Organization","@id":"http:\/\/naturalmentecaceres.com\/#organization","name":"NATURALMENTE C\u00c1CERES","url":"http:\/\/naturalmentecaceres.com\/","logo":{"@type":"ImageObject","inLanguage":"es","@id":"http:\/\/naturalmentecaceres.com\/#\/schema\/logo\/image\/","url":"http:\/\/naturalmentecaceres.com\/wp-content\/uploads\/2023\/02\/naturalmente.jpg","contentUrl":"http:\/\/naturalmentecaceres.com\/wp-content\/uploads\/2023\/02\/naturalmente.jpg","width":1300,"height":1237,"caption":"NATURALMENTE C\u00c1CERES"},"image":{"@id":"http:\/\/naturalmentecaceres.com\/#\/schema\/logo\/image\/"},"sameAs":["https:\/\/x.com\/naturalmentecc","https:\/\/www.instagram.com\/naturalmentecaceres\/"]}]}},"_links":{"self":[{"href":"http:\/\/naturalmentecaceres.com\/index.php\/wp-json\/wp\/v2\/pages\/106","targetHints":{"allow":["GET"]}}],"collection":[{"href":"http:\/\/naturalmentecaceres.com\/index.php\/wp-json\/wp\/v2\/pages"}],"about":[{"href":"http:\/\/naturalmentecaceres.com\/index.php\/wp-json\/wp\/v2\/types\/page"}],"author":[{"embeddable":true,"href":"http:\/\/naturalmentecaceres.com\/index.php\/wp-json\/wp\/v2\/users\/1"}],"replies":[{"embeddable":true,"href":"http:\/\/naturalmentecaceres.com\/index.php\/wp-json\/wp\/v2\/comments?post=106"}],"version-history":[{"count":37,"href":"http:\/\/naturalmentecaceres.com\/index.php\/wp-json\/wp\/v2\/pages\/106\/revisions"}],"predecessor-version":[{"id":1380,"href":"http:\/\/naturalmentecaceres.com\/index.php\/wp-json\/wp\/v2\/pages\/106\/revisions\/1380"}],"wp:attachment":[{"href":"http:\/\/naturalmentecaceres.com\/index.php\/wp-json\/wp\/v2\/media?parent=106"}],"curies":[{"name":"wp","href":"https:\/\/api.w.org\/{rel}","templated":true}]}}